{"id":2,"date":"2023-12-05T11:06:33","date_gmt":"2023-12-05T10:06:33","guid":{"rendered":"http:\/\/192.168.1.101\/wordpress\/?page_id=2"},"modified":"2023-12-13T10:30:12","modified_gmt":"2023-12-13T09:30:12","slug":"accueil","status":"publish","type":"page","link":"https:\/\/lafabriqueabois59.com\/","title":{"rendered":"Accueil"},"content":{"rendered":"\n<div class=\"wp-block-columns alignfull is-layout-flex wp-container-core-columns-is-layout-f1c17236 wp-block-columns-is-layout-flex\" style=\"padding-top:var(--wp--preset--spacing--80);padding-right:var(--wp--preset--spacing--80);padding-bottom:var(--wp--preset--spacing--80);padding-left:var(--wp--preset--spacing--80)\">\n<div class=\"wp-block-column is-layout-flow wp-block-column-is-layout-flow\" style=\"padding-left:15%\">\n<h2 class=\"wp-block-heading\">Tournage sur bois<\/h2>\n\n\n\n<div class=\"wp-block-group\"><div class=\"wp-block-group__inner-container is-layout-constrained wp-block-group-is-layout-constrained\">\n<p>La fabrique \u00e0 bois est situ\u00e9e \u00e0 Bermeries dans le Nord (59) pr\u00e8s de Valenciennes et Bavay.<\/p>\n\n\n\n<p>Passionn\u00e9 par le bois, je vous propose la confection d&rsquo;objets tourn\u00e9s, taill\u00e9s et m\u00eame scult\u00e9s dans le bois.<\/p>\n\n\n\n<p>Un crayon, un bol, un nichoir \u00e0 oiseau, un tire-bouchon ou un d\u00e9capsuleur, un ouvre lettre ou m\u00eame un casse noix, tout est possible \u00e0 r\u00e9aliser dans du bois.<\/p>\n\n\n\n<p>N&rsquo;h\u00e9sitez pas \u00e0 me contacter pour toute demande d&rsquo;information sur la faisabilit\u00e9 de votre id\u00e9e que ce soit pour vous ou pour offrir via la page contact ou sur note page <a href=\"https:\/\/m.facebook.com\/people\/La-Fabrique-%C3%A0-bois\/100063715276800\/\" target=\"_blank\" rel=\"noreferrer noopener\">facebook<\/a>.<\/p>\n<\/div><\/div>\n<\/div>\n\n\n\n<div class=\"wp-block-column is-layout-flow wp-block-column-is-layout-flow\" style=\"padding-right:15%\">\n<figure class=\"wp-block-image size-full\"><img loading=\"lazy\" decoding=\"async\" width=\"960\" height=\"600\" src=\"http:\/\/192.168.1.101\/wordpress\/wp-content\/uploads\/2023\/12\/fabriqueabois.jpg\" alt=\"Image Adresse\" class=\"wp-image-15\" srcset=\"https:\/\/lafabriqueabois59.com\/wp-content\/uploads\/2023\/12\/fabriqueabois.jpg 960w, https:\/\/lafabriqueabois59.com\/wp-content\/uploads\/2023\/12\/fabriqueabois-300x188.jpg 300w, https:\/\/lafabriqueabois59.com\/wp-content\/uploads\/2023\/12\/fabriqueabois-768x480.jpg 768w\" sizes=\"auto, (max-width: 960px) 100vw, 960px\" \/><\/figure>\n<\/div>\n<\/div>\n\n\n\n<div class=\"wp-block-columns alignfull has-nv-dark-bg-color has-neve-text-color-background-color has-text-color has-background is-layout-flex wp-container-core-columns-is-layout-f1c17236 wp-block-columns-is-layout-flex\" style=\"padding-top:var(--wp--preset--spacing--80);padding-right:var(--wp--preset--spacing--80);padding-bottom:var(--wp--preset--spacing--80);padding-left:var(--wp--preset--spacing--80)\">\n<div class=\"wp-block-column has-nv-site-bg-color has-text-color is-layout-flow wp-block-column-is-layout-flow\" style=\"padding-left:15%\">\n<h2 class=\"wp-block-heading\">Gravures<\/h2>\n\n\n\n<p class=\"has-nv-site-bg-color has-text-color\">Vous voulez personnaliser l\u2019objet ? Je suis l\u00e0 pour confectionner et graver votre personnalisation avec vous afin de r\u00e9aliser un article qui r\u00e9pond \u00e0 vos envies.<\/p>\n\n\n\n<p class=\"has-nv-site-bg-color has-text-color\">Pour vous ou un cadeau pour la famille ou amis, toutes les occasions sont bonnes pour faire plaisir.<\/p>\n\n\n\n<p class=\"has-nv-site-bg-color has-text-color\">Que ce soit un pr\u00e9nom, une image et m\u00eame une photo, nous pouvons choisir ensemble le motif qui vous convient.<\/p>\n<\/div>\n\n\n\n<div class=\"wp-block-column is-layout-flow wp-block-column-is-layout-flow\" style=\"padding-right:15%\">\n<figure class=\"wp-block-image size-full\"><img loading=\"lazy\" decoding=\"async\" width=\"542\" height=\"542\" src=\"http:\/\/192.168.1.101\/wordpress\/wp-content\/uploads\/2023\/12\/10.jpg\" alt=\"Bols grav\u00e9s\" class=\"wp-image-16\" srcset=\"https:\/\/lafabriqueabois59.com\/wp-content\/uploads\/2023\/12\/10.jpg 542w, https:\/\/lafabriqueabois59.com\/wp-content\/uploads\/2023\/12\/10-300x300.jpg 300w, https:\/\/lafabriqueabois59.com\/wp-content\/uploads\/2023\/12\/10-150x150.jpg 150w\" sizes=\"auto, (max-width: 542px) 100vw, 542px\" \/><\/figure>\n<\/div>\n<\/div>\n\n\n\n<div class=\"wp-block-columns alignfull is-layout-flex wp-container-core-columns-is-layout-f1c17236 wp-block-columns-is-layout-flex\" style=\"padding-top:var(--wp--preset--spacing--80);padding-right:var(--wp--preset--spacing--80);padding-bottom:var(--wp--preset--spacing--80);padding-left:var(--wp--preset--spacing--80)\">\n<div class=\"wp-block-column is-layout-flow wp-block-column-is-layout-flow\" style=\"padding-left:15%\">\n<figure class=\"wp-block-image size-full\"><img loading=\"lazy\" decoding=\"async\" width=\"1024\" height=\"1024\" src=\"http:\/\/192.168.1.101\/wordpress\/wp-content\/uploads\/2023\/12\/2.jpg\" alt=\"pilons\" class=\"wp-image-22\" srcset=\"https:\/\/lafabriqueabois59.com\/wp-content\/uploads\/2023\/12\/2.jpg 1024w, https:\/\/lafabriqueabois59.com\/wp-content\/uploads\/2023\/12\/2-300x300.jpg 300w, https:\/\/lafabriqueabois59.com\/wp-content\/uploads\/2023\/12\/2-150x150.jpg 150w, https:\/\/lafabriqueabois59.com\/wp-content\/uploads\/2023\/12\/2-768x768.jpg 768w\" sizes=\"auto, (max-width: 1024px) 100vw, 1024px\" \/><\/figure>\n<\/div>\n\n\n\n<div class=\"wp-block-column is-layout-flow wp-block-column-is-layout-flow\" style=\"padding-right:15%\">\n<h2 class=\"wp-block-heading\">Sur Mesure<\/h2>\n\n\n\n<p>Vous avez une id\u00e9e en t\u00eate ? Je suis l\u00e0 pour imaginer et \u00e9changer avec vous afin de r\u00e9aliser un article qui r\u00e9pond \u00e0 vos envies.<\/p>\n\n\n\n<p>Mon atelier se transforme en v\u00e9ritable \u00ab laboratoire d\u2019id\u00e9es \u00bb pour r\u00e9pondre \u00e0 vos besoins.<\/p>\n<\/div>\n<\/div>\n","protected":false},"excerpt":{"rendered":"<p>Tournage sur bois La fabrique \u00e0 bois est situ\u00e9e \u00e0 Bermeries dans le Nord (59) pr\u00e8s de Valenciennes et Bavay. Passionn\u00e9 par le bois, je vous propose la confection d&rsquo;objets tourn\u00e9s, taill\u00e9s et m\u00eame scult\u00e9s dans le bois. Un crayon, un bol, un nichoir \u00e0 oiseau, un tire-bouchon ou un d\u00e9capsuleur, un ouvre lettre ou&hellip;&nbsp;<a href=\"https:\/\/lafabriqueabois59.com\/\" rel=\"bookmark\">Lire la suite &raquo;<span class=\"screen-reader-text\">Accueil<\/span><\/a><\/p>\n","protected":false},"author":1,"featured_media":0,"parent":0,"menu_order":0,"comment_status":"closed","ping_status":"closed","template":"","meta":{"neve_meta_sidebar":"","neve_meta_container":"contained","neve_meta_enable_content_width":"on","neve_meta_content_width":70,"neve_meta_title_alignment":"","neve_meta_author_avatar":"","neve_post_elements_order":"","neve_meta_disable_header":"off","neve_meta_disable_footer":"","neve_meta_disable_title":"on","footnotes":""},"class_list":["post-2","page","type-page","status-publish","hentry"],"_links":{"self":[{"href":"https:\/\/lafabriqueabois59.com\/index.php?rest_route=\/wp\/v2\/pages\/2","targetHints":{"allow":["GET"]}}],"collection":[{"href":"https:\/\/lafabriqueabois59.com\/index.php?rest_route=\/wp\/v2\/pages"}],"about":[{"href":"https:\/\/lafabriqueabois59.com\/index.php?rest_route=\/wp\/v2\/types\/page"}],"author":[{"embeddable":true,"href":"https:\/\/lafabriqueabois59.com\/index.php?rest_route=\/wp\/v2\/users\/1"}],"replies":[{"embeddable":true,"href":"https:\/\/lafabriqueabois59.com\/index.php?rest_route=%2Fwp%2Fv2%2Fcomments&post=2"}],"version-history":[{"count":27,"href":"https:\/\/lafabriqueabois59.com\/index.php?rest_route=\/wp\/v2\/pages\/2\/revisions"}],"predecessor-version":[{"id":94,"href":"https:\/\/lafabriqueabois59.com\/index.php?rest_route=\/wp\/v2\/pages\/2\/revisions\/94"}],"wp:attachment":[{"href":"https:\/\/lafabriqueabois59.com\/index.php?rest_route=%2Fwp%2Fv2%2Fmedia&parent=2"}],"curies":[{"name":"wp","href":"https:\/\/api.w.org\/{rel}","templated":true}]}}