{"id":60,"date":"2023-12-05T14:17:13","date_gmt":"2023-12-05T13:17:13","guid":{"rendered":"http:\/\/192.168.1.101\/wordpress\/?page_id=60"},"modified":"2023-12-05T17:19:43","modified_gmt":"2023-12-05T16:19:43","slug":"realisations","status":"publish","type":"page","link":"https:\/\/lafabriqueabois59.com\/?page_id=60","title":{"rendered":"R\u00e9alisations"},"content":{"rendered":"\n<div class=\"wp-block-group\"><div class=\"wp-block-group__inner-container is-layout-constrained wp-block-group-is-layout-constrained\">\n<p>Voici quelques r\u00e9alisations pour vous donner une id\u00e9e de ce qu&rsquo;il est possible de faire.<\/p>\n\n\n\n<p>Tous les objets ont la possibilit\u00e9 d&rsquo;\u00eatre command\u00e9 en l&rsquo;\u00e9tat, ou \u00eatre personnalis\u00e9 avec une gravure.<\/p>\n\n\n\n<p>D&rsquo;autres nouveaut\u00e9s sont \u00e9galement disponible sur notre page <a rel=\"noreferrer noopener\" href=\"https:\/\/m.facebook.com\/people\/La-Fabrique-%C3%A0-bois\/100063715276800\/\" target=\"_blank\">facebook<\/a>.<\/p>\n<\/div><\/div>\n\n\n\n<div class=\"wp-block-columns is-layout-flex wp-container-core-columns-is-layout-9d6595d7 wp-block-columns-is-layout-flex\">\n<div class=\"wp-block-column is-layout-flow wp-block-column-is-layout-flow\">\n<figure class=\"wp-block-image size-full\"><img loading=\"lazy\" decoding=\"async\" width=\"1024\" height=\"1024\" src=\"http:\/\/192.168.1.101\/wordpress\/wp-content\/uploads\/2023\/12\/1.jpg\" alt=\"tire-bouchons\" class=\"wp-image-21\" srcset=\"https:\/\/lafabriqueabois59.com\/wp-content\/uploads\/2023\/12\/1.jpg 1024w, https:\/\/lafabriqueabois59.com\/wp-content\/uploads\/2023\/12\/1-300x300.jpg 300w, https:\/\/lafabriqueabois59.com\/wp-content\/uploads\/2023\/12\/1-150x150.jpg 150w, https:\/\/lafabriqueabois59.com\/wp-content\/uploads\/2023\/12\/1-768x768.jpg 768w\" sizes=\"auto, (max-width: 1024px) 100vw, 1024px\" \/><\/figure>\n<\/div>\n\n\n\n<div class=\"wp-block-column is-layout-flow wp-block-column-is-layout-flow\">\n<figure class=\"wp-block-image size-full\"><img loading=\"lazy\" decoding=\"async\" width=\"1024\" height=\"1024\" src=\"http:\/\/192.168.1.101\/wordpress\/wp-content\/uploads\/2023\/12\/3.jpg\" alt=\"\" class=\"wp-image-23\" srcset=\"https:\/\/lafabriqueabois59.com\/wp-content\/uploads\/2023\/12\/3.jpg 1024w, https:\/\/lafabriqueabois59.com\/wp-content\/uploads\/2023\/12\/3-300x300.jpg 300w, https:\/\/lafabriqueabois59.com\/wp-content\/uploads\/2023\/12\/3-150x150.jpg 150w, https:\/\/lafabriqueabois59.com\/wp-content\/uploads\/2023\/12\/3-768x768.jpg 768w\" sizes=\"auto, (max-width: 1024px) 100vw, 1024px\" \/><\/figure>\n<\/div>\n\n\n\n<div class=\"wp-block-column is-layout-flow wp-block-column-is-layout-flow\">\n<figure class=\"wp-block-image size-full\"><img loading=\"lazy\" decoding=\"async\" width=\"1024\" height=\"1024\" src=\"http:\/\/192.168.1.101\/wordpress\/wp-content\/uploads\/2023\/12\/5.jpg\" alt=\"support oeufs\" class=\"wp-image-25\" srcset=\"https:\/\/lafabriqueabois59.com\/wp-content\/uploads\/2023\/12\/5.jpg 1024w, https:\/\/lafabriqueabois59.com\/wp-content\/uploads\/2023\/12\/5-300x300.jpg 300w, https:\/\/lafabriqueabois59.com\/wp-content\/uploads\/2023\/12\/5-150x150.jpg 150w, https:\/\/lafabriqueabois59.com\/wp-content\/uploads\/2023\/12\/5-768x768.jpg 768w\" sizes=\"auto, (max-width: 1024px) 100vw, 1024px\" \/><\/figure>\n<\/div>\n<\/div>\n\n\n\n<div class=\"wp-block-columns is-layout-flex wp-container-core-columns-is-layout-9d6595d7 wp-block-columns-is-layout-flex\">\n<div class=\"wp-block-column is-layout-flow wp-block-column-is-layout-flow\">\n<figure class=\"wp-block-image size-full\"><img loading=\"lazy\" decoding=\"async\" width=\"1024\" height=\"1024\" src=\"http:\/\/192.168.1.101\/wordpress\/wp-content\/uploads\/2023\/12\/2.jpg\" alt=\"pilons\" class=\"wp-image-22\" srcset=\"https:\/\/lafabriqueabois59.com\/wp-content\/uploads\/2023\/12\/2.jpg 1024w, https:\/\/lafabriqueabois59.com\/wp-content\/uploads\/2023\/12\/2-300x300.jpg 300w, https:\/\/lafabriqueabois59.com\/wp-content\/uploads\/2023\/12\/2-150x150.jpg 150w, https:\/\/lafabriqueabois59.com\/wp-content\/uploads\/2023\/12\/2-768x768.jpg 768w\" sizes=\"auto, (max-width: 1024px) 100vw, 1024px\" \/><\/figure>\n<\/div>\n\n\n\n<div class=\"wp-block-column is-layout-flow wp-block-column-is-layout-flow\">\n<figure class=\"wp-block-image size-full\"><img loading=\"lazy\" decoding=\"async\" width=\"1024\" height=\"786\" src=\"http:\/\/192.168.1.101\/wordpress\/wp-content\/uploads\/2023\/12\/4.jpg\" alt=\"pilon\" class=\"wp-image-24\" srcset=\"https:\/\/lafabriqueabois59.com\/wp-content\/uploads\/2023\/12\/4.jpg 1024w, https:\/\/lafabriqueabois59.com\/wp-content\/uploads\/2023\/12\/4-300x230.jpg 300w, https:\/\/lafabriqueabois59.com\/wp-content\/uploads\/2023\/12\/4-768x590.jpg 768w\" sizes=\"auto, (max-width: 1024px) 100vw, 1024px\" \/><\/figure>\n<\/div>\n\n\n\n<div class=\"wp-block-column is-layout-flow wp-block-column-is-layout-flow\">\n<figure class=\"wp-block-image size-full\"><img loading=\"lazy\" decoding=\"async\" width=\"1024\" height=\"1024\" src=\"http:\/\/192.168.1.101\/wordpress\/wp-content\/uploads\/2023\/12\/6.jpg\" alt=\"casse noix\" class=\"wp-image-26\" srcset=\"https:\/\/lafabriqueabois59.com\/wp-content\/uploads\/2023\/12\/6.jpg 1024w, https:\/\/lafabriqueabois59.com\/wp-content\/uploads\/2023\/12\/6-300x300.jpg 300w, https:\/\/lafabriqueabois59.com\/wp-content\/uploads\/2023\/12\/6-150x150.jpg 150w, https:\/\/lafabriqueabois59.com\/wp-content\/uploads\/2023\/12\/6-768x768.jpg 768w\" sizes=\"auto, (max-width: 1024px) 100vw, 1024px\" \/><\/figure>\n<\/div>\n<\/div>\n\n\n\n<div class=\"wp-block-columns is-layout-flex wp-container-core-columns-is-layout-9d6595d7 wp-block-columns-is-layout-flex\">\n<div class=\"wp-block-column is-layout-flow wp-block-column-is-layout-flow\">\n<figure class=\"wp-block-image size-full\"><img loading=\"lazy\" decoding=\"async\" width=\"1024\" height=\"1024\" src=\"http:\/\/192.168.1.101\/wordpress\/wp-content\/uploads\/2023\/12\/7.jpg\" alt=\"porte bijoux\" class=\"wp-image-27\" srcset=\"https:\/\/lafabriqueabois59.com\/wp-content\/uploads\/2023\/12\/7.jpg 1024w, https:\/\/lafabriqueabois59.com\/wp-content\/uploads\/2023\/12\/7-300x300.jpg 300w, https:\/\/lafabriqueabois59.com\/wp-content\/uploads\/2023\/12\/7-150x150.jpg 150w, https:\/\/lafabriqueabois59.com\/wp-content\/uploads\/2023\/12\/7-768x768.jpg 768w\" sizes=\"auto, (max-width: 1024px) 100vw, 1024px\" \/><\/figure>\n<\/div>\n\n\n\n<div class=\"wp-block-column is-layout-flow wp-block-column-is-layout-flow\">\n<figure class=\"wp-block-image size-full\"><img loading=\"lazy\" decoding=\"async\" width=\"542\" height=\"542\" src=\"http:\/\/192.168.1.101\/wordpress\/wp-content\/uploads\/2023\/12\/9.jpg\" alt=\"porte bijou et tires-bouchons\" class=\"wp-image-29\" srcset=\"https:\/\/lafabriqueabois59.com\/wp-content\/uploads\/2023\/12\/9.jpg 542w, https:\/\/lafabriqueabois59.com\/wp-content\/uploads\/2023\/12\/9-300x300.jpg 300w, https:\/\/lafabriqueabois59.com\/wp-content\/uploads\/2023\/12\/9-150x150.jpg 150w\" sizes=\"auto, (max-width: 542px) 100vw, 542px\" \/><\/figure>\n<\/div>\n\n\n\n<div class=\"wp-block-column is-layout-flow wp-block-column-is-layout-flow\">\n<figure class=\"wp-block-image size-full\"><img loading=\"lazy\" decoding=\"async\" width=\"542\" height=\"542\" src=\"http:\/\/192.168.1.101\/wordpress\/wp-content\/uploads\/2023\/12\/9.jpg\" alt=\"porte bijou et tires-bouchons\" class=\"wp-image-29\" srcset=\"https:\/\/lafabriqueabois59.com\/wp-content\/uploads\/2023\/12\/9.jpg 542w, https:\/\/lafabriqueabois59.com\/wp-content\/uploads\/2023\/12\/9-300x300.jpg 300w, https:\/\/lafabriqueabois59.com\/wp-content\/uploads\/2023\/12\/9-150x150.jpg 150w\" sizes=\"auto, (max-width: 542px) 100vw, 542px\" \/><\/figure>\n<\/div>\n<\/div>\n\n\n\n<div class=\"wp-block-columns is-layout-flex wp-container-core-columns-is-layout-9d6595d7 wp-block-columns-is-layout-flex\">\n<div class=\"wp-block-column is-layout-flow wp-block-column-is-layout-flow\">\n<figure class=\"wp-block-image size-full\"><img loading=\"lazy\" decoding=\"async\" width=\"767\" height=\"767\" src=\"http:\/\/192.168.1.101\/wordpress\/wp-content\/uploads\/2023\/12\/8.jpg\" alt=\"bougeoirs\" class=\"wp-image-28\" srcset=\"https:\/\/lafabriqueabois59.com\/wp-content\/uploads\/2023\/12\/8.jpg 767w, https:\/\/lafabriqueabois59.com\/wp-content\/uploads\/2023\/12\/8-300x300.jpg 300w, https:\/\/lafabriqueabois59.com\/wp-content\/uploads\/2023\/12\/8-150x150.jpg 150w\" sizes=\"auto, (max-width: 767px) 100vw, 767px\" \/><\/figure>\n<\/div>\n\n\n\n<div class=\"wp-block-column is-layout-flow wp-block-column-is-layout-flow\">\n<figure class=\"wp-block-image size-full\"><img loading=\"lazy\" decoding=\"async\" width=\"542\" height=\"542\" src=\"http:\/\/192.168.1.101\/wordpress\/wp-content\/uploads\/2023\/12\/10.jpg\" alt=\"bols grav\u00e9s\" class=\"wp-image-16\" srcset=\"https:\/\/lafabriqueabois59.com\/wp-content\/uploads\/2023\/12\/10.jpg 542w, https:\/\/lafabriqueabois59.com\/wp-content\/uploads\/2023\/12\/10-300x300.jpg 300w, https:\/\/lafabriqueabois59.com\/wp-content\/uploads\/2023\/12\/10-150x150.jpg 150w\" sizes=\"auto, (max-width: 542px) 100vw, 542px\" \/><\/figure>\n<\/div>\n\n\n\n<div class=\"wp-block-column is-layout-flow wp-block-column-is-layout-flow\">\n<figure class=\"wp-block-image size-full\"><img loading=\"lazy\" decoding=\"async\" width=\"542\" height=\"542\" src=\"http:\/\/192.168.1.101\/wordpress\/wp-content\/uploads\/2023\/12\/10.jpg\" alt=\"bols grav\u00e9s\" class=\"wp-image-16\" srcset=\"https:\/\/lafabriqueabois59.com\/wp-content\/uploads\/2023\/12\/10.jpg 542w, https:\/\/lafabriqueabois59.com\/wp-content\/uploads\/2023\/12\/10-300x300.jpg 300w, https:\/\/lafabriqueabois59.com\/wp-content\/uploads\/2023\/12\/10-150x150.jpg 150w\" sizes=\"auto, (max-width: 542px) 100vw, 542px\" \/><\/figure>\n<\/div>\n<\/div>\n","protected":false},"excerpt":{"rendered":"<p>Voici quelques r\u00e9alisations pour vous donner une id\u00e9e de ce qu&rsquo;il est possible de faire. Tous les objets ont la possibilit\u00e9 d&rsquo;\u00eatre command\u00e9 en l&rsquo;\u00e9tat, ou \u00eatre personnalis\u00e9 avec une gravure. D&rsquo;autres nouveaut\u00e9s sont \u00e9galement disponible sur notre page facebook.<\/p>\n","protected":false},"author":1,"featured_media":0,"parent":0,"menu_order":0,"comment_status":"closed","ping_status":"closed","template":"","meta":{"neve_meta_sidebar":"","neve_meta_container":"","neve_meta_enable_content_width":"","neve_meta_content_width":0,"neve_meta_title_alignment":"","neve_meta_author_avatar":"","neve_post_elements_order":"","neve_meta_disable_header":"","neve_meta_disable_footer":"","neve_meta_disable_title":"","footnotes":""},"class_list":["post-60","page","type-page","status-publish","hentry"],"_links":{"self":[{"href":"https:\/\/lafabriqueabois59.com\/index.php?rest_route=\/wp\/v2\/pages\/60","targetHints":{"allow":["GET"]}}],"collection":[{"href":"https:\/\/lafabriqueabois59.com\/index.php?rest_route=\/wp\/v2\/pages"}],"about":[{"href":"https:\/\/lafabriqueabois59.com\/index.php?rest_route=\/wp\/v2\/types\/page"}],"author":[{"embeddable":true,"href":"https:\/\/lafabriqueabois59.com\/index.php?rest_route=\/wp\/v2\/users\/1"}],"replies":[{"embeddable":true,"href":"https:\/\/lafabriqueabois59.com\/index.php?rest_route=%2Fwp%2Fv2%2Fcomments&post=60"}],"version-history":[{"count":4,"href":"https:\/\/lafabriqueabois59.com\/index.php?rest_route=\/wp\/v2\/pages\/60\/revisions"}],"predecessor-version":[{"id":96,"href":"https:\/\/lafabriqueabois59.com\/index.php?rest_route=\/wp\/v2\/pages\/60\/revisions\/96"}],"wp:attachment":[{"href":"https:\/\/lafabriqueabois59.com\/index.php?rest_route=%2Fwp%2Fv2%2Fmedia&parent=60"}],"curies":[{"name":"wp","href":"https:\/\/api.w.org\/{rel}","templated":true}]}}